{"id":5302,"date":"2023-09-24T02:14:21","date_gmt":"2023-09-24T02:14:21","guid":{"rendered":"https:\/\/masters.com.uy\/?page_id=5302"},"modified":"2023-11-24T00:44:02","modified_gmt":"2023-11-24T00:44:02","slug":"espanol-para-extranjeros","status":"publish","type":"page","link":"https:\/\/masters.com.uy\/en\/espanol-para-extranjeros\/","title":{"rendered":"Spanish For Foreigners"},"content":{"rendered":"\n[et_pb_section fb_built=\u00bb1&#8243; fullwidth=\u00bbon\u00bb admin_label=\u00bbPage Header\u00bb _builder_version=\u00bb4.23.1&#8243; background_image=\u00bbhttps:\/\/masters.com.uy\/wp-content\/uploads\/2023\/09\/learn-group-1-scaled.jpeg\u00bb parallax=\u00bbon\u00bb animation_direction=\u00bbtop\u00bb hover_enabled=\u00bb0&#8243; global_colors_info=\u00bb{}\u00bb title_text=\u00bblearn group (1)\u00bb sticky_enabled=\u00bb0&#8243;][et_pb_fullwidth_header title=\u00bbEspa\u00f1ol Para Extranjeros\u00bb text_orientation=\u00bbcenter\u00bb admin_label=\u00bbHero Section\u00bb module_id=\u00bbmain-hero-masters\u00bb _builder_version=\u00bb4.23.1&#8243; title_font=\u00bbMontserrat|700|||||||\u00bb title_font_size=\u00bb50px\u00bb title_line_height=\u00bb1.2em\u00bb content_font=\u00bb||||||||\u00bb content_font_size=\u00bb20px\u00bb content_line_height=\u00bb1.6em\u00bb subhead_font=\u00bb||||\u00bb background_color=\u00bbrgba(255, 255, 255, 0)\u00bb use_background_color_gradient=\u00bbon\u00bb background_color_gradient_stops=\u00bb#00116b 0%|rgba(78,101,252,0.84) 100%\u00bb background_color_gradient_start=\u00bbrgba(58,52,226,0.93)\u00bb background_color_gradient_end=\u00bbrgba(73,108,220,0.7)\u00bb custom_button_one=\u00bbon\u00bb button_one_text_size=\u00bb16px\u00bb button_one_bg_color=\u00bbgcid-06f5cb73-335d-4035-9d1c-ce0b335b4af6&#8243; button_one_border_width=\u00bb2px\u00bb button_one_border_color=\u00bbgcid-06f5cb73-335d-4035-9d1c-ce0b335b4af6&#8243; button_one_border_radius=\u00bb5px\u00bb button_one_letter_spacing=\u00bb2&#8243; button_one_font=\u00bbMontserrat|||on|\u00bb button_one_icon=\u00bb&#x35;||divi||400&#8243; button_one_custom_margin=\u00bb40px||||false|false\u00bb button_one_custom_padding=\u00bb||||false|false\u00bb custom_button_two=\u00bbon\u00bb button_two_text_size=\u00bb16px\u00bb button_two_text_color=\u00bb#FFFFFF\u00bb button_two_bg_color=\u00bbgcid-b3befddf-8a79-4478-8833-197ebbf3dc72&#8243; button_two_border_width=\u00bb2px\u00bb button_two_border_color=\u00bbgcid-b3befddf-8a79-4478-8833-197ebbf3dc72&#8243; button_two_border_radius=\u00bb5px\u00bb button_two_letter_spacing=\u00bb2&#8243; button_two_font=\u00bbMontserrat|||on|\u00bb button_two_icon=\u00bb&#x35;||divi||400&#8243; module_alignment=\u00bbcenter\u00bb custom_margin=\u00bb||||false|false\u00bb custom_padding=\u00bb90px||70px||false|false\u00bb animation_style=\u00bbfade\u00bb animation_duration=\u00bb600ms\u00bb hover_transition_duration=\u00bb0ms\u00bb hover_enabled=\u00bb0&#8243; title_font_size_tablet=\u00bb50px\u00bb title_font_size_phone=\u00bb34px\u00bb title_font_size_last_edited=\u00bbon|tablet\u00bb content_font_size_tablet=\u00bb18px\u00bb content_font_size_phone=\u00bb16px\u00bb content_font_size_last_edited=\u00bbon|tablet\u00bb button_one_text_size_tablet=\u00bb16px\u00bb button_one_text_size_phone=\u00bb14px\u00bb button_one_text_size_last_edited=\u00bbon|phone\u00bb button_two_text_size_tablet=\u00bb16px\u00bb button_two_text_size_phone=\u00bb14px\u00bb button_two_text_size_last_edited=\u00bbon|phone\u00bb custom_css_header_container=\u00bbwidth:100%\u00bb custom_css_content=\u00bbmargin-top: 20px;||margin-bottom: 20px;\u00bb button_one_text_color_hover=\u00bb#6eba01&#8243; button_two_text_color_hover=\u00bb#6eba01&#8243; button_one_border_color_hover=\u00bb#ffffff\u00bb button_two_border_color_hover=\u00bb#ffffff\u00bb button_one_border_radius_hover=\u00bb0&#8243; button_two_border_radius_hover=\u00bb0&#8243; button_one_letter_spacing_hover=\u00bb2&#8243; button_two_letter_spacing_hover=\u00bb2&#8243; button_one_bg_color_hover=\u00bb#ffffff\u00bb button_two_bg_color_hover=\u00bb#ffffff\u00bb global_colors_info=\u00bb{%22gcid-b3befddf-8a79-4478-8833-197ebbf3dc72%22:%91%22button_two_bg_color%22,%22button_two_border_color%22%93,%22gcid-06f5cb73-335d-4035-9d1c-ce0b335b4af6%22:%91%22button_one_border_color__hover%22,%22button_one_bg_color__hover%22,%22button_two_bg_color__hover%22,%22button_two_border_color__hover%22,%22button_one_border_color%22,%22button_one_bg_color%22,%22background_color_gradient_stops%22%93}\u00bb button_one_text_size__hover_enabled=\u00bboff\u00bb button_two_text_size__hover_enabled=\u00bboff\u00bb button_one_text_color__hover_enabled=\u00bbon|hover\u00bb button_one_text_color__hover=\u00bb#FFFFFF\u00bb button_two_text_color__hover_enabled=\u00bbon\u00bb button_two_text_color__hover=\u00bb#FFFFFF\u00bb button_one_border_width__hover_enabled=\u00bboff\u00bb button_two_border_width__hover_enabled=\u00bboff\u00bb button_one_border_color__hover_enabled=\u00bbon|hover\u00bb button_one_border_color__hover=\u00bb#071f94&#8243; button_two_border_color__hover_enabled=\u00bbon|desktop\u00bb button_two_border_color__hover=\u00bb#071f94&#8243; button_one_border_radius__hover_enabled=\u00bbon|desktop\u00bb button_one_border_radius__hover=\u00bb5px\u00bb button_two_border_radius__hover_enabled=\u00bbon|desktop\u00bb button_one_letter_spacing__hover_enabled=\u00bbon\u00bb button_one_letter_spacing__hover=\u00bb2&#8243; button_two_letter_spacing__hover_enabled=\u00bbon\u00bb button_two_letter_spacing__hover=\u00bb2&#8243; button_one_bg_color__hover_enabled=\u00bbon|hover\u00bb button_one_bg_color__hover=\u00bb#071f94&#8243; button_two_bg_color__hover_enabled=\u00bbon|hover\u00bb button_two_bg_color__hover=\u00bb#071f94&#8243; custom_css_content_tablet=\u00bbmargin-top: 20px;||margin-bottom: 20px;\u00bb custom_css_content_phone=\u00bbmargin-top: 10px;||margin-bottom: 0px;\u00bb custom_css_content_last_edited=\u00bbon|phone\u00bb button_two_border_radius__hover=\u00bb5px\u00bb sticky_enabled=\u00bb0&#8243;]<p>Curso dise\u00f1ado espcialmente para extranjeros para que puedas comunicarte con confianza en situaciones familiares, laborales y tur\u00edsticas. Nos adaptamos a tus necesidades y ritmo.<\/p>\n<p>&nbsp;<\/p>[\/et_pb_fullwidth_header][\/et_pb_section][et_pb_section fb_built=\u00bb1&#8243; admin_label=\u00bbServices\u00bb module_id=\u00bbabout-us\u00bb _builder_version=\u00bb4.22.2&#8243; custom_padding=\u00bb90px|0px|90px|0px\u00bb global_colors_info=\u00bb{}\u00bb][et_pb_row _builder_version=\u00bb4.22.2&#8243; background_size=\u00bbinitial\u00bb background_position=\u00bbtop_left\u00bb background_repeat=\u00bbrepeat\u00bb width_tablet=\u00bb\u00bb width_phone=\u00bb\u00bb width_last_edited=\u00bbon|phone\u00bb custom_padding=\u00bb||0px||false|false\u00bb custom_width_px=\u00bb710px\u00bb locked=\u00bboff\u00bb global_colors_info=\u00bb{}\u00bb][et_pb_column type=\u00bb4_4&#8243; _builder_version=\u00bb4.16&#8243; background_position=\u00bbtop_left\u00bb custom_padding=\u00bb|||\u00bb global_colors_info=\u00bb{}\u00bb custom_padding__hover=\u00bb|||\u00bb][et_pb_text admin_label=\u00bbTestimonials Section Title\u00bb _builder_version=\u00bb4.23.1&#8243; header_font=\u00bbMontserrat||||\u00bb header_text_color=\u00bbgcid-9d990470-2b06-4664-a430-b038c681a341&#8243; header_font_size=\u00bb36px\u00bb header_2_font=\u00bbMontserrat||||||||\u00bb header_2_text_align=\u00bbleft\u00bb header_2_text_color=\u00bbgcid-9d990470-2b06-4664-a430-b038c681a341&#8243; header_2_font_size=\u00bb40px\u00bb background_size=\u00bbinitial\u00bb background_position=\u00bbtop_left\u00bb background_repeat=\u00bbrepeat\u00bb background_layout=\u00bbdark\u00bb module_alignment=\u00bbcenter\u00bb animation_style=\u00bbfold\u00bb animation_direction=\u00bbbottom\u00bb animation_intensity_fold=\u00bb20%\u00bb header_2_font_size_tablet=\u00bb40px\u00bb header_2_font_size_phone=\u00bb30px\u00bb header_2_font_size_last_edited=\u00bbon|phone\u00bb global_colors_info=\u00bb{%22gcid-9d990470-2b06-4664-a430-b038c681a341%22:%91%22header_text_color%22,%22header_2_text_color%22%93}\u00bb]<h2>Descripci\u00f3n<\/h2>[\/et_pb_text][et_pb_divider color=\u00bbgcid-06f5cb73-335d-4035-9d1c-ce0b335b4af6&#8243; divider_weight=\u00bb3px\u00bb disabled_on=\u00bboff|off|off\u00bb _builder_version=\u00bb4.22.2&#8243; background_color_gradient_direction=\u00bb90deg\u00bb max_width=\u00bb100px\u00bb module_alignment=\u00bbleft\u00bb height=\u00bb5px\u00bb custom_margin=\u00bb||20px|\u00bb custom_padding=\u00bb||20px|\u00bb animation_style=\u00bbslide\u00bb animation_direction=\u00bbbottom\u00bb saved_tabs=\u00bball\u00bb locked=\u00bboff\u00bb global_colors_info=\u00bb{%22gcid-06f5cb73-335d-4035-9d1c-ce0b335b4af6%22:%91%22color%22%93}\u00bb][\/et_pb_divider][\/et_pb_column][\/et_pb_row][et_pb_row _builder_version=\u00bb4.22.2&#8243; background_size=\u00bbinitial\u00bb background_position=\u00bbtop_left\u00bb background_repeat=\u00bbrepeat\u00bb width_tablet=\u00bb\u00bb width_phone=\u00bb\u00bb width_last_edited=\u00bbon|phone\u00bb custom_padding=\u00bb0px||0px||false|false\u00bb custom_width_px=\u00bb710px\u00bb locked=\u00bboff\u00bb global_colors_info=\u00bb{}\u00bb][et_pb_column type=\u00bb4_4&#8243; _builder_version=\u00bb4.16&#8243; background_position=\u00bbtop_left\u00bb custom_padding=\u00bb|||\u00bb global_colors_info=\u00bb{}\u00bb custom_padding__hover=\u00bb|||\u00bb][et_pb_text _builder_version=\u00bb4.23.1&#8243; _module_preset=\u00bbdefault\u00bb global_colors_info=\u00bb{}\u00bb]<p><span>Brindamos cursos de espa\u00f1ol dise\u00f1ados exclusivamente para extranjeros. Ya sea que est\u00e9s aqu\u00ed por motivos familiares, laborales o tur\u00edsticos, te brindamos las herramientas necesarias para hablar y escribir en espa\u00f1ol con confianza y fluidez. Adem\u00e1s adaptamos nuestros cursos a tus circunstancias individuales, considerando factores como la duraci\u00f3n de tu estad\u00eda, objetivos espec\u00edficos y \u00e1reas de inter\u00e9s particulares.<\/span><\/p>[\/et_pb_text][\/et_pb_column][\/et_pb_row][et_pb_row _builder_version=\u00bb4.22.2&#8243; background_size=\u00bbinitial\u00bb background_position=\u00bbtop_left\u00bb background_repeat=\u00bbrepeat\u00bb custom_padding=\u00bb|||\u00bb global_colors_info=\u00bb{}\u00bb][et_pb_column type=\u00bb4_4&#8243; _builder_version=\u00bb4.16&#8243; background_position=\u00bbtop_left\u00bb custom_padding=\u00bb|||\u00bb global_colors_info=\u00bb{}\u00bb custom_padding__hover=\u00bb|||\u00bb][et_pb_blurb title=\u00bbAdaptabilidad\u00bb url=\u00bb#\u00bb use_icon=\u00bbon\u00bb font_icon=\u00bb&#x35;||divi||400&#8243; icon_color=\u00bbgcid-06f5cb73-335d-4035-9d1c-ce0b335b4af6&#8243; icon_placement=\u00bbleft\u00bb image_icon_width=\u00bb60px\u00bb content_max_width=\u00bb100%\u00bb admin_label=\u00bbService 01&#8243; _builder_version=\u00bb4.23.1&#8243; header_font=\u00bbMontserrat||||\u00bb header_text_align=\u00bbleft\u00bb header_text_color=\u00bb#1f1f1f\u00bb header_font_size=\u00bb22px\u00bb header_line_height=\u00bb1.8em\u00bb body_font=\u00bbOpen Sans||||||||\u00bb body_text_align=\u00bbleft\u00bb body_font_size=\u00bb16px\u00bb body_line_height=\u00bb1.9em\u00bb background_size=\u00bbinitial\u00bb background_position=\u00bbtop_left\u00bb background_repeat=\u00bbrepeat\u00bb text_orientation=\u00bbcenter\u00bb custom_margin=\u00bb||||false|false\u00bb custom_margin_tablet=\u00bb\u00bb custom_margin_phone=\u00bb||20px||false|false\u00bb custom_margin_last_edited=\u00bbon|phone\u00bb custom_padding=\u00bb||||false|false\u00bb animation_style=\u00bbfold\u00bb animation_direction=\u00bbbottom\u00bb animation_intensity_fold=\u00bb30%\u00bb header_font_size_tablet=\u00bb22px\u00bb header_font_size_phone=\u00bb20px\u00bb header_font_size_last_edited=\u00bbon|phone\u00bb header_line_height_tablet=\u00bb1.8em\u00bb header_line_height_phone=\u00bb1em\u00bb header_line_height_last_edited=\u00bbon|phone\u00bb body_font_size_tablet=\u00bb16px\u00bb body_font_size_phone=\u00bb14px\u00bb body_font_size_last_edited=\u00bbon|phone\u00bb icon_font_size=\u00bb60px\u00bb global_colors_info=\u00bb{%22gcid-06f5cb73-335d-4035-9d1c-ce0b335b4af6%22:%91%22icon_color%22%93}\u00bb]<p><span>Cursos dise\u00f1ados a medida para satisfacer tus necesidades y metas. Ajustamos el contenido seg\u00fan la duraci\u00f3n de tu estad\u00eda.<\/span><\/p>[\/et_pb_blurb][et_pb_blurb title=\u00bbEnfoque Personalizado\u00bb url=\u00bb#\u00bb use_icon=\u00bbon\u00bb font_icon=\u00bb&#x35;||divi||400&#8243; icon_color=\u00bbgcid-06f5cb73-335d-4035-9d1c-ce0b335b4af6&#8243; icon_placement=\u00bbleft\u00bb image_icon_width=\u00bb60px\u00bb content_max_width=\u00bb100%\u00bb admin_label=\u00bbService 02&#8243; _builder_version=\u00bb4.23.1&#8243; header_font=\u00bbMontserrat||||\u00bb header_text_align=\u00bbleft\u00bb header_text_color=\u00bb#1f1f1f\u00bb header_font_size=\u00bb22px\u00bb header_line_height=\u00bb1.8em\u00bb body_font=\u00bbOpen Sans||||||||\u00bb body_text_align=\u00bbleft\u00bb body_font_size=\u00bb16px\u00bb body_line_height=\u00bb1.9em\u00bb background_size=\u00bbinitial\u00bb background_position=\u00bbtop_left\u00bb background_repeat=\u00bbrepeat\u00bb text_orientation=\u00bbcenter\u00bb custom_margin=\u00bb||||false|false\u00bb custom_margin_tablet=\u00bb\u00bb custom_margin_phone=\u00bb||20px||false|false\u00bb custom_margin_last_edited=\u00bbon|phone\u00bb custom_padding=\u00bb||||false|false\u00bb animation_style=\u00bbfold\u00bb animation_direction=\u00bbbottom\u00bb animation_intensity_fold=\u00bb30%\u00bb header_font_size_tablet=\u00bb22px\u00bb header_font_size_phone=\u00bb20px\u00bb header_font_size_last_edited=\u00bbon|phone\u00bb header_line_height_tablet=\u00bb1.8em\u00bb header_line_height_phone=\u00bb1em\u00bb header_line_height_last_edited=\u00bbon|phone\u00bb body_font_size_tablet=\u00bb16px\u00bb body_font_size_phone=\u00bb14px\u00bb body_font_size_last_edited=\u00bbon|phone\u00bb icon_font_size=\u00bb60px\u00bb global_colors_info=\u00bb{%22gcid-06f5cb73-335d-4035-9d1c-ce0b335b4af6%22:%91%22icon_color%22,%22icon_color%22,%22icon_color%22,%22icon_color%22%93}\u00bb]<p><span>Nos centramos en tus objetivos espec\u00edficos y ritmo de aprendizaje. Explora aspectos acad\u00e9micos, culturales, conversacionales, literarios o de negocios.<\/span><\/p>[\/et_pb_blurb][et_pb_blurb title=\u00bbOpciones Flexibles\u00bb url=\u00bb#\u00bb use_icon=\u00bbon\u00bb font_icon=\u00bb&#x35;||divi||400&#8243; icon_color=\u00bbgcid-06f5cb73-335d-4035-9d1c-ce0b335b4af6&#8243; icon_placement=\u00bbleft\u00bb image_icon_width=\u00bb60px\u00bb content_max_width=\u00bb100%\u00bb admin_label=\u00bbService 03&#8243; _builder_version=\u00bb4.23.1&#8243; header_font=\u00bbMontserrat||||\u00bb header_text_align=\u00bbleft\u00bb header_text_color=\u00bb#1f1f1f\u00bb header_font_size=\u00bb22px\u00bb header_line_height=\u00bb1.8em\u00bb body_font=\u00bbOpen Sans||||||||\u00bb body_text_align=\u00bbleft\u00bb body_font_size=\u00bb16px\u00bb body_line_height=\u00bb1.9em\u00bb background_size=\u00bbinitial\u00bb background_position=\u00bbtop_left\u00bb background_repeat=\u00bbrepeat\u00bb text_orientation=\u00bbcenter\u00bb custom_margin=\u00bb||||false|false\u00bb custom_margin_tablet=\u00bb||||false|false\u00bb custom_margin_phone=\u00bb||20px||false|false\u00bb custom_margin_last_edited=\u00bbon|phone\u00bb custom_padding=\u00bb||||false|false\u00bb animation_style=\u00bbfold\u00bb animation_direction=\u00bbbottom\u00bb animation_intensity_fold=\u00bb30%\u00bb header_font_size_tablet=\u00bb22px\u00bb header_font_size_phone=\u00bb20px\u00bb header_font_size_last_edited=\u00bbon|phone\u00bb header_line_height_tablet=\u00bb1.8em\u00bb header_line_height_phone=\u00bb1em\u00bb header_line_height_last_edited=\u00bbon|phone\u00bb body_font_size_tablet=\u00bb16px\u00bb body_font_size_phone=\u00bb14px\u00bb body_font_size_last_edited=\u00bbon|phone\u00bb icon_font_size=\u00bb60px\u00bb global_colors_info=\u00bb{%22gcid-06f5cb73-335d-4035-9d1c-ce0b335b4af6%22:%91%22icon_color%22,%22icon_color%22,%22icon_color%22,%22icon_color%22%93}\u00bb]<p><span>Elige entre cursos regulares o intensivos seg\u00fan tu disponibilidad y preferencias. Participa en persona o desde la comodidad de tu hogar.<\/span><\/p>[\/et_pb_blurb][et_pb_button button_url=\u00bbhttps:\/\/wa.me\/59899436436&#8243; button_text=\u00bbInscribirme\u00bb button_alignment=\u00bbleft\u00bb _builder_version=\u00bb4.23.1&#8243; _module_preset=\u00bbdefault\u00bb custom_button=\u00bbon\u00bb button_text_size=\u00bb16px\u00bb button_text_color=\u00bbgcid-8ad55c90-ed5f-4619-9a29-60b117cf67f4&#8243; button_bg_color=\u00bbgcid-b3befddf-8a79-4478-8833-197ebbf3dc72&#8243; button_border_color=\u00bbgcid-b3befddf-8a79-4478-8833-197ebbf3dc72&#8243; button_border_radius=\u00bb5px\u00bb button_font=\u00bb|||on|||||\u00bb custom_margin=\u00bb40px||||false|false\u00bb global_colors_info=\u00bb{%22gcid-8ad55c90-ed5f-4619-9a29-60b117cf67f4%22:%91%22button_text_color%22%93,%22gcid-b3befddf-8a79-4478-8833-197ebbf3dc72%22:%91%22button_bg_color%22,%22button_border_color%22%93}\u00bb][\/et_pb_button][\/et_pb_column][\/et_pb_row][\/et_pb_section]\n","protected":false},"excerpt":{"rendered":"<p>Curso dise\u00f1ado espcialmente para extranjeros para que puedas comunicarte con confianza en situaciones familiares, laborales y tur\u00edsticas. Nos adaptamos a tus necesidades y ritmo. &nbsp;Descripci\u00f3nBrindamos cursos de espa\u00f1ol dise\u00f1ados exclusivamente para extranjeros. Ya sea que est\u00e9s aqu\u00ed por motivos familiares, laborales o tur\u00edsticos, te brindamos las herramientas necesarias para hablar y escribir en espa\u00f1ol con [&hellip;]<\/p>\n","protected":false},"author":1,"featured_media":0,"parent":0,"menu_order":0,"comment_status":"closed","ping_status":"closed","template":"","meta":{"_et_pb_use_builder":"on","_et_pb_old_content":"<!-- wp:divi\/placeholder \/-->","_et_gb_content_width":"","footnotes":""},"class_list":["post-5302","page","type-page","status-publish","hentry"],"_links":{"self":[{"href":"https:\/\/masters.com.uy\/en\/wp-json\/wp\/v2\/pages\/5302","targetHints":{"allow":["GET"]}}],"collection":[{"href":"https:\/\/masters.com.uy\/en\/wp-json\/wp\/v2\/pages"}],"about":[{"href":"https:\/\/masters.com.uy\/en\/wp-json\/wp\/v2\/types\/page"}],"author":[{"embeddable":true,"href":"https:\/\/masters.com.uy\/en\/wp-json\/wp\/v2\/users\/1"}],"replies":[{"embeddable":true,"href":"https:\/\/masters.com.uy\/en\/wp-json\/wp\/v2\/comments?post=5302"}],"version-history":[{"count":0,"href":"https:\/\/masters.com.uy\/en\/wp-json\/wp\/v2\/pages\/5302\/revisions"}],"wp:attachment":[{"href":"https:\/\/masters.com.uy\/en\/wp-json\/wp\/v2\/media?parent=5302"}],"curies":[{"name":"wp","href":"https:\/\/api.w.org\/{rel}","templated":true}]}}