{"id":5304,"date":"2023-09-24T02:14:53","date_gmt":"2023-09-24T02:14:53","guid":{"rendered":"https:\/\/masters.com.uy\/?page_id=5304"},"modified":"2023-11-24T00:44:06","modified_gmt":"2023-11-24T00:44:06","slug":"traductorado","status":"publish","type":"page","link":"https:\/\/masters.com.uy\/en\/traductorado\/","title":{"rendered":"Translation Career"},"content":{"rendered":"\n[et_pb_section fb_built=\u00bb1&#8243; fullwidth=\u00bbon\u00bb admin_label=\u00bbPage Header\u00bb _builder_version=\u00bb4.23.1&#8243; background_image=\u00bbhttps:\/\/masters.com.uy\/wp-content\/uploads\/2023\/10\/conversacion-1-scaled.jpeg\u00bb parallax=\u00bbon\u00bb animation_direction=\u00bbtop\u00bb global_colors_info=\u00bb{}\u00bb][et_pb_fullwidth_header title=\u00bbTraductorado\u00bb text_orientation=\u00bbcenter\u00bb admin_label=\u00bbHero Section\u00bb module_id=\u00bbmain-hero-masters\u00bb _builder_version=\u00bb4.23.1&#8243; title_font=\u00bbMontserrat|700|||||||\u00bb title_font_size=\u00bb50px\u00bb title_line_height=\u00bb1.2em\u00bb content_font=\u00bb||||||||\u00bb content_font_size=\u00bb20px\u00bb content_line_height=\u00bb1.6em\u00bb subhead_font=\u00bb||||\u00bb background_color=\u00bbrgba(255, 255, 255, 0)\u00bb use_background_color_gradient=\u00bbon\u00bb background_color_gradient_stops=\u00bb#00116b 0%|rgba(78,101,252,0.84) 100%\u00bb background_color_gradient_start=\u00bbrgba(58,52,226,0.93)\u00bb background_color_gradient_end=\u00bbrgba(73,108,220,0.7)\u00bb custom_button_one=\u00bbon\u00bb button_one_text_size=\u00bb16px\u00bb button_one_bg_color=\u00bbgcid-06f5cb73-335d-4035-9d1c-ce0b335b4af6&#8243; button_one_border_width=\u00bb2px\u00bb button_one_border_color=\u00bbgcid-06f5cb73-335d-4035-9d1c-ce0b335b4af6&#8243; button_one_border_radius=\u00bb5px\u00bb button_one_letter_spacing=\u00bb2&#8243; button_one_font=\u00bbMontserrat|||on|\u00bb button_one_icon=\u00bb&#x35;||divi||400&#8243; button_one_custom_margin=\u00bb40px||||false|false\u00bb button_one_custom_padding=\u00bb||||false|false\u00bb custom_button_two=\u00bbon\u00bb button_two_text_size=\u00bb16px\u00bb button_two_text_color=\u00bb#FFFFFF\u00bb button_two_bg_color=\u00bbgcid-b3befddf-8a79-4478-8833-197ebbf3dc72&#8243; button_two_border_width=\u00bb2px\u00bb button_two_border_color=\u00bbgcid-b3befddf-8a79-4478-8833-197ebbf3dc72&#8243; button_two_border_radius=\u00bb5px\u00bb button_two_letter_spacing=\u00bb2&#8243; button_two_font=\u00bbMontserrat|||on|\u00bb button_two_icon=\u00bb&#x35;||divi||400&#8243; module_alignment=\u00bbcenter\u00bb custom_margin=\u00bb||||false|false\u00bb custom_padding=\u00bb90px||70px||false|false\u00bb animation_style=\u00bbfade\u00bb animation_duration=\u00bb600ms\u00bb hover_transition_duration=\u00bb0ms\u00bb hover_enabled=\u00bb0&#8243; title_font_size_tablet=\u00bb50px\u00bb title_font_size_phone=\u00bb34px\u00bb title_font_size_last_edited=\u00bbon|tablet\u00bb content_font_size_tablet=\u00bb18px\u00bb content_font_size_phone=\u00bb16px\u00bb content_font_size_last_edited=\u00bbon|tablet\u00bb button_one_text_size_tablet=\u00bb16px\u00bb button_one_text_size_phone=\u00bb14px\u00bb button_one_text_size_last_edited=\u00bbon|phone\u00bb button_two_text_size_tablet=\u00bb16px\u00bb button_two_text_size_phone=\u00bb14px\u00bb button_two_text_size_last_edited=\u00bbon|phone\u00bb custom_css_header_container=\u00bbwidth:100%\u00bb custom_css_content=\u00bbmargin-top: 20px;||margin-bottom: 20px;\u00bb button_one_text_color_hover=\u00bb#6eba01&#8243; button_two_text_color_hover=\u00bb#6eba01&#8243; button_one_border_color_hover=\u00bb#ffffff\u00bb button_two_border_color_hover=\u00bb#ffffff\u00bb button_one_border_radius_hover=\u00bb0&#8243; button_two_border_radius_hover=\u00bb0&#8243; button_one_letter_spacing_hover=\u00bb2&#8243; button_two_letter_spacing_hover=\u00bb2&#8243; button_one_bg_color_hover=\u00bb#ffffff\u00bb button_two_bg_color_hover=\u00bb#ffffff\u00bb global_colors_info=\u00bb{%22gcid-b3befddf-8a79-4478-8833-197ebbf3dc72%22:%91%22button_two_bg_color%22,%22button_two_border_color%22%93,%22gcid-06f5cb73-335d-4035-9d1c-ce0b335b4af6%22:%91%22button_one_border_color__hover%22,%22button_one_bg_color__hover%22,%22button_two_bg_color__hover%22,%22button_two_border_color__hover%22,%22button_one_border_color%22,%22button_one_bg_color%22,%22background_color_gradient_stops%22%93}\u00bb button_one_text_size__hover_enabled=\u00bboff\u00bb button_two_text_size__hover_enabled=\u00bboff\u00bb button_one_text_color__hover_enabled=\u00bbon|hover\u00bb button_one_text_color__hover=\u00bb#FFFFFF\u00bb button_two_text_color__hover_enabled=\u00bbon\u00bb button_two_text_color__hover=\u00bb#FFFFFF\u00bb button_one_border_width__hover_enabled=\u00bboff\u00bb button_two_border_width__hover_enabled=\u00bboff\u00bb button_one_border_color__hover_enabled=\u00bbon|hover\u00bb button_one_border_color__hover=\u00bb#071f94&#8243; button_two_border_color__hover_enabled=\u00bbon|desktop\u00bb button_two_border_color__hover=\u00bb#071f94&#8243; button_one_border_radius__hover_enabled=\u00bbon|desktop\u00bb button_one_border_radius__hover=\u00bb5px\u00bb button_two_border_radius__hover_enabled=\u00bbon|desktop\u00bb button_one_letter_spacing__hover_enabled=\u00bbon\u00bb button_one_letter_spacing__hover=\u00bb2&#8243; button_two_letter_spacing__hover_enabled=\u00bbon\u00bb button_two_letter_spacing__hover=\u00bb2&#8243; button_one_bg_color__hover_enabled=\u00bbon|hover\u00bb button_one_bg_color__hover=\u00bb#071f94&#8243; button_two_bg_color__hover_enabled=\u00bbon|hover\u00bb button_two_bg_color__hover=\u00bb#071f94&#8243; custom_css_content_tablet=\u00bbmargin-top: 20px;||margin-bottom: 20px;\u00bb custom_css_content_phone=\u00bbmargin-top: 10px;||margin-bottom: 0px;\u00bb custom_css_content_last_edited=\u00bbon|phone\u00bb button_two_border_radius__hover=\u00bb5px\u00bb sticky_enabled=\u00bb0&#8243;]<p><span>Ofrecemos preparaci\u00f3n para el examen de ingreso a la carrera de Traductorado en la Universidad de la Rep\u00fablica y la Universidad de Montevideo. Ya sea que busques convertirte en un Traductor P\u00fablico o necesites traducciones oficiales, estamos aqu\u00ed para ayudarte.<\/span><\/p>[\/et_pb_fullwidth_header][\/et_pb_section][et_pb_section fb_built=\u00bb1&#8243; admin_label=\u00bbServices\u00bb module_id=\u00bbabout-us\u00bb _builder_version=\u00bb4.22.2&#8243; custom_padding=\u00bb90px|0px|90px|0px\u00bb global_colors_info=\u00bb{}\u00bb][et_pb_row _builder_version=\u00bb4.22.2&#8243; background_size=\u00bbinitial\u00bb background_position=\u00bbtop_left\u00bb background_repeat=\u00bbrepeat\u00bb width_tablet=\u00bb\u00bb width_phone=\u00bb\u00bb width_last_edited=\u00bbon|phone\u00bb custom_padding=\u00bb||0px||false|false\u00bb custom_width_px=\u00bb710px\u00bb locked=\u00bboff\u00bb global_colors_info=\u00bb{}\u00bb][et_pb_column type=\u00bb4_4&#8243; _builder_version=\u00bb4.16&#8243; background_position=\u00bbtop_left\u00bb custom_padding=\u00bb|||\u00bb global_colors_info=\u00bb{}\u00bb custom_padding__hover=\u00bb|||\u00bb][et_pb_text admin_label=\u00bbTestimonials Section Title\u00bb _builder_version=\u00bb4.23.1&#8243; header_font=\u00bbMontserrat||||\u00bb header_text_color=\u00bbgcid-9d990470-2b06-4664-a430-b038c681a341&#8243; header_font_size=\u00bb36px\u00bb header_2_font=\u00bbMontserrat||||||||\u00bb header_2_text_align=\u00bbleft\u00bb header_2_text_color=\u00bbgcid-9d990470-2b06-4664-a430-b038c681a341&#8243; header_2_font_size=\u00bb40px\u00bb header_2_line_height=\u00bb1.1em\u00bb background_size=\u00bbinitial\u00bb background_position=\u00bbtop_left\u00bb background_repeat=\u00bbrepeat\u00bb background_layout=\u00bbdark\u00bb module_alignment=\u00bbcenter\u00bb animation_style=\u00bbfold\u00bb animation_direction=\u00bbbottom\u00bb animation_intensity_fold=\u00bb20%\u00bb header_2_font_size_tablet=\u00bb40px\u00bb header_2_font_size_phone=\u00bb30px\u00bb header_2_font_size_last_edited=\u00bbon|phone\u00bb global_colors_info=\u00bb{%22gcid-9d990470-2b06-4664-a430-b038c681a341%22:%91%22header_text_color%22,%22header_2_text_color%22%93}\u00bb]<h2>Preparaci\u00f3n Examen de Ingreso UDELAR y UM<\/h2>[\/et_pb_text][et_pb_divider color=\u00bbgcid-06f5cb73-335d-4035-9d1c-ce0b335b4af6&#8243; divider_weight=\u00bb3px\u00bb disabled_on=\u00bboff|off|off\u00bb _builder_version=\u00bb4.22.2&#8243; background_color_gradient_direction=\u00bb90deg\u00bb max_width=\u00bb100px\u00bb module_alignment=\u00bbleft\u00bb height=\u00bb5px\u00bb custom_margin=\u00bb||20px|\u00bb custom_padding=\u00bb||20px|\u00bb animation_style=\u00bbslide\u00bb animation_direction=\u00bbbottom\u00bb saved_tabs=\u00bball\u00bb locked=\u00bboff\u00bb global_colors_info=\u00bb{%22gcid-06f5cb73-335d-4035-9d1c-ce0b335b4af6%22:%91%22color%22%93}\u00bb][\/et_pb_divider][\/et_pb_column][\/et_pb_row][et_pb_row _builder_version=\u00bb4.22.2&#8243; background_size=\u00bbinitial\u00bb background_position=\u00bbtop_left\u00bb background_repeat=\u00bbrepeat\u00bb custom_padding=\u00bb|||\u00bb global_colors_info=\u00bb{}\u00bb][et_pb_column type=\u00bb4_4&#8243; _builder_version=\u00bb4.16&#8243; background_position=\u00bbtop_left\u00bb custom_padding=\u00bb|||\u00bb global_colors_info=\u00bb{}\u00bb custom_padding__hover=\u00bb|||\u00bb][et_pb_blurb title=\u00bbDescripci\u00f3n\u00bb url=\u00bb#\u00bb use_icon=\u00bbon\u00bb font_icon=\u00bb&#x35;||divi||400&#8243; icon_color=\u00bbgcid-06f5cb73-335d-4035-9d1c-ce0b335b4af6&#8243; icon_placement=\u00bbleft\u00bb image_icon_width=\u00bb60px\u00bb content_max_width=\u00bb100%\u00bb admin_label=\u00bbService 01&#8243; _builder_version=\u00bb4.23.1&#8243; header_font=\u00bbMontserrat||||\u00bb header_text_align=\u00bbleft\u00bb header_text_color=\u00bb#1f1f1f\u00bb header_font_size=\u00bb22px\u00bb header_line_height=\u00bb1.8em\u00bb body_font=\u00bbOpen Sans||||||||\u00bb body_text_align=\u00bbleft\u00bb body_font_size=\u00bb16px\u00bb body_line_height=\u00bb1.9em\u00bb background_size=\u00bbinitial\u00bb background_position=\u00bbtop_left\u00bb background_repeat=\u00bbrepeat\u00bb text_orientation=\u00bbcenter\u00bb custom_margin=\u00bb||||false|false\u00bb custom_margin_tablet=\u00bb\u00bb custom_margin_phone=\u00bb||20px||false|false\u00bb custom_margin_last_edited=\u00bbon|phone\u00bb custom_padding=\u00bb||||false|false\u00bb animation_style=\u00bbfold\u00bb animation_direction=\u00bbbottom\u00bb animation_intensity_fold=\u00bb30%\u00bb header_font_size_tablet=\u00bb22px\u00bb header_font_size_phone=\u00bb20px\u00bb header_font_size_last_edited=\u00bbon|phone\u00bb header_line_height_tablet=\u00bb1.8em\u00bb header_line_height_phone=\u00bb1em\u00bb header_line_height_last_edited=\u00bbon|phone\u00bb body_font_size_tablet=\u00bb16px\u00bb body_font_size_phone=\u00bb14px\u00bb body_font_size_last_edited=\u00bbon|phone\u00bb icon_font_size=\u00bb60px\u00bb global_colors_info=\u00bb{%22gcid-06f5cb73-335d-4035-9d1c-ce0b335b4af6%22:%91%22icon_color%22%93}\u00bb]<p><span>Orientamos tu camino hacia la carrera de Traductorado, ofreciendo apoyo para el examen de ingreso en los idiomas espa\u00f1ol e ingl\u00e9s tanto para a la carrera de Traductorado en la Universidad de la Rep\u00fablica como la Universidad de Montevideo.<\/span><\/p>[\/et_pb_blurb][et_pb_blurb title=\u00bb\u00c1reas de Especializaci\u00f3n\u00bb url=\u00bb#\u00bb use_icon=\u00bbon\u00bb font_icon=\u00bb&#x35;||divi||400&#8243; icon_color=\u00bbgcid-06f5cb73-335d-4035-9d1c-ce0b335b4af6&#8243; icon_placement=\u00bbleft\u00bb image_icon_width=\u00bb60px\u00bb content_max_width=\u00bb100%\u00bb admin_label=\u00bbService 02&#8243; _builder_version=\u00bb4.23.1&#8243; header_font=\u00bbMontserrat||||\u00bb header_text_align=\u00bbleft\u00bb header_text_color=\u00bb#1f1f1f\u00bb header_font_size=\u00bb22px\u00bb header_line_height=\u00bb1.8em\u00bb body_font=\u00bbOpen Sans||||||||\u00bb body_text_align=\u00bbleft\u00bb body_font_size=\u00bb16px\u00bb body_line_height=\u00bb1.9em\u00bb background_size=\u00bbinitial\u00bb background_position=\u00bbtop_left\u00bb background_repeat=\u00bbrepeat\u00bb text_orientation=\u00bbcenter\u00bb custom_margin=\u00bb||||false|false\u00bb custom_margin_tablet=\u00bb\u00bb custom_margin_phone=\u00bb||20px||false|false\u00bb custom_margin_last_edited=\u00bbon|phone\u00bb custom_padding=\u00bb||||false|false\u00bb animation_style=\u00bbfold\u00bb animation_direction=\u00bbbottom\u00bb animation_intensity_fold=\u00bb30%\u00bb header_font_size_tablet=\u00bb22px\u00bb header_font_size_phone=\u00bb20px\u00bb header_font_size_last_edited=\u00bbon|phone\u00bb header_line_height_tablet=\u00bb1.8em\u00bb header_line_height_phone=\u00bb1em\u00bb header_line_height_last_edited=\u00bbon|phone\u00bb body_font_size_tablet=\u00bb16px\u00bb body_font_size_phone=\u00bb14px\u00bb body_font_size_last_edited=\u00bbon|phone\u00bb icon_font_size=\u00bb60px\u00bb global_colors_info=\u00bb{%22gcid-06f5cb73-335d-4035-9d1c-ce0b335b4af6%22:%91%22icon_color%22,%22icon_color%22,%22icon_color%22,%22icon_color%22%93}\u00bb]<p>Explora las diversas \u00e1reas en las que un Traductor P\u00fablico puede destacarse: literaria, art\u00edstica, jur\u00eddica, t\u00e9cnica, m\u00e9dica, inform\u00e1tica, econ\u00f3mica, pol\u00edtica, marketing, entre otras.<\/p>[\/et_pb_blurb][et_pb_blurb title=\u00bbInscripciones Anuales\u00bb url=\u00bb#\u00bb use_icon=\u00bbon\u00bb font_icon=\u00bb&#x35;||divi||400&#8243; icon_color=\u00bbgcid-06f5cb73-335d-4035-9d1c-ce0b335b4af6&#8243; icon_placement=\u00bbleft\u00bb image_icon_width=\u00bb60px\u00bb content_max_width=\u00bb100%\u00bb admin_label=\u00bbService 03&#8243; _builder_version=\u00bb4.23.1&#8243; header_font=\u00bbMontserrat||||\u00bb header_text_align=\u00bbleft\u00bb header_text_color=\u00bb#1f1f1f\u00bb header_font_size=\u00bb22px\u00bb header_line_height=\u00bb1.8em\u00bb body_font=\u00bbOpen Sans||||||||\u00bb body_text_align=\u00bbleft\u00bb body_font_size=\u00bb16px\u00bb body_line_height=\u00bb1.9em\u00bb background_size=\u00bbinitial\u00bb background_position=\u00bbtop_left\u00bb background_repeat=\u00bbrepeat\u00bb text_orientation=\u00bbcenter\u00bb custom_margin=\u00bb||||false|false\u00bb custom_margin_tablet=\u00bb||||false|false\u00bb custom_margin_phone=\u00bb||20px||false|false\u00bb custom_margin_last_edited=\u00bbon|phone\u00bb custom_padding=\u00bb||||false|false\u00bb animation_style=\u00bbfold\u00bb animation_direction=\u00bbbottom\u00bb animation_intensity_fold=\u00bb30%\u00bb header_font_size_tablet=\u00bb22px\u00bb header_font_size_phone=\u00bb20px\u00bb header_font_size_last_edited=\u00bbon|phone\u00bb header_line_height_tablet=\u00bb1.8em\u00bb header_line_height_phone=\u00bb1em\u00bb header_line_height_last_edited=\u00bbon|phone\u00bb body_font_size_tablet=\u00bb16px\u00bb body_font_size_phone=\u00bb14px\u00bb body_font_size_last_edited=\u00bbon|phone\u00bb icon_font_size=\u00bb60px\u00bb global_colors_info=\u00bb{%22gcid-06f5cb73-335d-4035-9d1c-ce0b335b4af6%22:%91%22icon_color%22,%22icon_color%22,%22icon_color%22,%22icon_color%22%93}\u00bb]<p><span>Inf\u00f3rmate sobre los procesos de inscripci\u00f3n y la prueba de admisi\u00f3n obligatoria en la lengua castellana y extranjera.<\/span><\/p>[\/et_pb_blurb][et_pb_divider color=\u00bbrgba(0,0,0,0.12)\u00bb disabled_on=\u00bbon|on|off%22&#8243; _builder_version=\u00bb4.16&#8243; height=\u00bb0px\u00bb global_colors_info=\u00bb{}\u00bb][\/et_pb_divider][et_pb_button button_text=\u00bbConsultar\u00bb button_alignment=\u00bbright\u00bb _builder_version=\u00bb4.23.1&#8243; _module_preset=\u00bbdefault\u00bb custom_button=\u00bbon\u00bb button_text_size=\u00bb16px\u00bb button_text_color=\u00bbgcid-8ad55c90-ed5f-4619-9a29-60b117cf67f4&#8243; button_bg_color=\u00bbgcid-b3befddf-8a79-4478-8833-197ebbf3dc72&#8243; button_border_color=\u00bbgcid-b3befddf-8a79-4478-8833-197ebbf3dc72&#8243; button_border_radius=\u00bb5px\u00bb button_font=\u00bb|||on|||||\u00bb global_colors_info=\u00bb{%22gcid-8ad55c90-ed5f-4619-9a29-60b117cf67f4%22:%91%22button_text_color%22%93,%22gcid-b3befddf-8a79-4478-8833-197ebbf3dc72%22:%91%22button_bg_color%22,%22button_border_color%22%93}\u00bb][\/et_pb_button][\/et_pb_column][\/et_pb_row][\/et_pb_section][et_pb_section fb_built=\u00bb1&#8243; admin_label=\u00bbServices\u00bb module_id=\u00bbservices\u00bb _builder_version=\u00bb4.22.2&#8243; background_color=\u00bbgcid-6f13ea6d-483e-4d13-8c40-7c460da9d030&#8243; custom_padding=\u00bb90px|0px|90px|0px|false|false\u00bb global_colors_info=\u00bb{%22gcid-6f13ea6d-483e-4d13-8c40-7c460da9d030%22:%91%22background_color%22,%22background_color_gradient_stops%22%93,%22gcid-b3befddf-8a79-4478-8833-197ebbf3dc72%22:%91%22background_color_gradient_stops%22%93,%22gcid-f4cfdd98-6118-4cba-ac05-3734ef4e9d2e%22:%91%22background_color_gradient_stops%22%93,%22gcid-06f5cb73-335d-4035-9d1c-ce0b335b4af6%22:%91%22background_color_gradient_stops%22%93,%22gcid-8ad55c90-ed5f-4619-9a29-60b117cf67f4%22:%91%22background_color_gradient_stops%22%93,%22gcid-aecf0107-0de3-4f34-a3ef-00b46fa7e69a%22:%91%22background_color_gradient_stops%22%93}\u00bb][et_pb_row _builder_version=\u00bb4.22.2&#8243; background_size=\u00bbinitial\u00bb background_position=\u00bbtop_left\u00bb background_repeat=\u00bbrepeat\u00bb width_tablet=\u00bb\u00bb width_phone=\u00bb\u00bb width_last_edited=\u00bbon|phone\u00bb custom_width_px=\u00bb710px\u00bb locked=\u00bboff\u00bb global_colors_info=\u00bb{}\u00bb][et_pb_column type=\u00bb4_4&#8243; _builder_version=\u00bb4.16&#8243; background_position=\u00bbtop_left\u00bb custom_padding=\u00bb|||\u00bb global_colors_info=\u00bb{}\u00bb custom_padding__hover=\u00bb|||\u00bb][et_pb_text admin_label=\u00bbTestimonials Section Title\u00bb _builder_version=\u00bb4.23.1&#8243; header_font=\u00bbMontserrat||||\u00bb header_text_color=\u00bbgcid-9d990470-2b06-4664-a430-b038c681a341&#8243; header_font_size=\u00bb36px\u00bb header_2_font=\u00bbMontserrat||||||||\u00bb header_2_text_color=\u00bbgcid-9d990470-2b06-4664-a430-b038c681a341&#8243; header_2_font_size=\u00bb40px\u00bb background_size=\u00bbinitial\u00bb background_position=\u00bbtop_left\u00bb background_repeat=\u00bbrepeat\u00bb background_layout=\u00bbdark\u00bb module_alignment=\u00bbcenter\u00bb animation_style=\u00bbfold\u00bb animation_direction=\u00bbbottom\u00bb animation_intensity_fold=\u00bb20%\u00bb header_2_font_size_tablet=\u00bb40px\u00bb header_2_font_size_phone=\u00bb30px\u00bb header_2_font_size_last_edited=\u00bbon|phone\u00bb global_colors_info=\u00bb{%22gcid-9d990470-2b06-4664-a430-b038c681a341%22:%91%22header_text_color%22,%22header_2_text_color%22%93}\u00bb]<h2>Traducciones Oficiales<\/h2>[\/et_pb_text][et_pb_divider color=\u00bbgcid-06f5cb73-335d-4035-9d1c-ce0b335b4af6&#8243; divider_weight=\u00bb3px\u00bb disabled_on=\u00bboff|off|off\u00bb _builder_version=\u00bb4.22.2&#8243; background_color_gradient_direction=\u00bb90deg\u00bb max_width=\u00bb100px\u00bb module_alignment=\u00bbleft\u00bb height=\u00bb5px\u00bb custom_margin=\u00bb||20px|\u00bb custom_padding=\u00bb||20px|\u00bb animation_style=\u00bbslide\u00bb animation_direction=\u00bbbottom\u00bb saved_tabs=\u00bball\u00bb locked=\u00bboff\u00bb global_colors_info=\u00bb{%22gcid-06f5cb73-335d-4035-9d1c-ce0b335b4af6%22:%91%22color%22%93}\u00bb][\/et_pb_divider][\/et_pb_column][\/et_pb_row][et_pb_row column_structure=\u00bb1_2,1_2&#8243; _builder_version=\u00bb4.22.2&#8243; background_size=\u00bbinitial\u00bb background_position=\u00bbtop_left\u00bb background_repeat=\u00bbrepeat\u00bb width_tablet=\u00bb\u00bb width_phone=\u00bb\u00bb width_last_edited=\u00bbon|phone\u00bb custom_padding=\u00bb0px||||false|false\u00bb custom_width_px=\u00bb710px\u00bb locked=\u00bboff\u00bb global_colors_info=\u00bb{}\u00bb][et_pb_column type=\u00bb1_2&#8243; _builder_version=\u00bb4.16&#8243; background_position=\u00bbtop_left\u00bb custom_padding=\u00bb|||\u00bb global_colors_info=\u00bb{}\u00bb custom_padding__hover=\u00bb|||\u00bb][et_pb_text _builder_version=\u00bb4.23.1&#8243; _module_preset=\u00bbdefault\u00bb text_font=\u00bbMontserrat|600||on|||||\u00bb text_text_color=\u00bbgcid-9d990470-2b06-4664-a430-b038c681a341&#8243; text_font_size=\u00bb16px\u00bb global_colors_info=\u00bb{%22gcid-9d990470-2b06-4664-a430-b038c681a341%22:%91%22text_text_color%22%93}\u00bb]<p>Contexto<\/p>[\/et_pb_text][et_pb_text _builder_version=\u00bb4.23.1&#8243; _module_preset=\u00bbdefault\u00bb global_colors_info=\u00bb{}\u00bb]<ul>\n<li><strong>Traductor P\u00fablico:<\/strong> Un depositario de la fe p\u00fablica con un espectro amplio de conocimientos.<\/li>\n<li><strong>Actualizaci\u00f3n Constante:<\/strong> La naturaleza intelectual de la profesi\u00f3n requiere una actualizaci\u00f3n continua para la pericia idiom\u00e1tica.<\/li>\n<li><strong>Dominio Cultural:<\/strong> Adem\u00e1s del idioma, un Traductor P\u00fablico debe poseer una s\u00f3lida base cultural para comprender diversos aspectos jur\u00eddicos, c\u00edvicos, socioculturales, literarios, cient\u00edficos y comerciales.<\/li>\n<\/ul>[\/et_pb_text][et_pb_text _builder_version=\u00bb4.23.1&#8243; _module_preset=\u00bbdefault\u00bb text_font=\u00bbMontserrat|600||on|||||\u00bb text_text_color=\u00bbgcid-9d990470-2b06-4664-a430-b038c681a341&#8243; text_font_size=\u00bb16px\u00bb global_colors_info=\u00bb{%22gcid-9d990470-2b06-4664-a430-b038c681a341%22:%91%22text_text_color%22%93}\u00bb]<p>Nuestro Servicio<\/p>[\/et_pb_text][et_pb_text _builder_version=\u00bb4.23.1&#8243; _module_preset=\u00bbdefault\u00bb global_colors_info=\u00bb{}\u00bb]<p>Ofrecemos traducciones oficiales por traductor p\u00fablico en ingl\u00e9s, franc\u00e9s, portugu\u00e9s, italiano y alem\u00e1n.<\/p>[\/et_pb_text][\/et_pb_column][et_pb_column type=\u00bb1_2&#8243; _builder_version=\u00bb4.16&#8243; background_position=\u00bbtop_left\u00bb custom_padding=\u00bb|||\u00bb global_colors_info=\u00bb{}\u00bb custom_padding__hover=\u00bb|||\u00bb][et_pb_text _builder_version=\u00bb4.23.1&#8243; _module_preset=\u00bbdefault\u00bb text_font=\u00bbMontserrat|600||on|||||\u00bb text_text_color=\u00bbgcid-9d990470-2b06-4664-a430-b038c681a341&#8243; text_font_size=\u00bb16px\u00bb global_colors_info=\u00bb{%22gcid-9d990470-2b06-4664-a430-b038c681a341%22:%91%22text_text_color%22%93}\u00bb]<p>\u00c1reas de especializaci\u00f3n<\/p>[\/et_pb_text][et_pb_text _builder_version=\u00bb4.23.1&#8243; _module_preset=\u00bbdefault\u00bb global_colors_info=\u00bb{}\u00bb]<p>Explora nuestras capacidades en traducciones especializadas:<\/p>\n<ul>\n<li><strong>Jur\u00eddica:<\/strong> Contratos, documentos legales, etc.<\/li>\n<li><strong>T\u00e9cnica:<\/strong> Manuales, especificaciones, etc.<\/li>\n<li><strong>M\u00e9dica:<\/strong> Informes, historiales, etc.<\/li>\n<li><strong>Comercial:<\/strong> Documentos comerciales, marketing, etc.<\/li>\n<\/ul>[\/et_pb_text][et_pb_text _builder_version=\u00bb4.23.1&#8243; _module_preset=\u00bbdefault\u00bb text_font=\u00bbMontserrat|600||on|||||\u00bb text_text_color=\u00bbgcid-9d990470-2b06-4664-a430-b038c681a341&#8243; text_font_size=\u00bb16px\u00bb global_colors_info=\u00bb{%22gcid-9d990470-2b06-4664-a430-b038c681a341%22:%91%22text_text_color%22%93}\u00bb]<p>Proceso de Traducci\u00f3n<\/p>[\/et_pb_text][et_pb_text _builder_version=\u00bb4.23.1&#8243; _module_preset=\u00bbdefault\u00bb global_colors_info=\u00bb{}\u00bb]<ol>\n<li><strong>Consulta Inicial:<\/strong> Expl\u00edcanos tus necesidades de traducci\u00f3n.<\/li>\n<li><strong>Evaluaci\u00f3n:<\/strong> Analizamos el contenido y determinamos la mejor estrategia.<\/li>\n<li><strong>Traducci\u00f3n Profesional:<\/strong> Nuestros expertos trabajan con precisi\u00f3n y atenci\u00f3n al detalle.<\/li>\n<li><strong>Entrega a Tiempo:<\/strong> Recibe tus documentos traducidos con puntualidad.<\/li>\n<\/ol>[\/et_pb_text][\/et_pb_column][\/et_pb_row][et_pb_row _builder_version=\u00bb4.22.2&#8243; background_size=\u00bbinitial\u00bb background_position=\u00bbtop_left\u00bb background_repeat=\u00bbrepeat\u00bb width_tablet=\u00bb\u00bb width_phone=\u00bb\u00bb width_last_edited=\u00bbon|phone\u00bb custom_padding=\u00bb||||false|false\u00bb custom_width_px=\u00bb710px\u00bb locked=\u00bboff\u00bb global_colors_info=\u00bb{}\u00bb][et_pb_column type=\u00bb4_4&#8243; _builder_version=\u00bb4.16&#8243; background_position=\u00bbtop_left\u00bb custom_padding=\u00bb|||\u00bb global_colors_info=\u00bb{}\u00bb custom_padding__hover=\u00bb|||\u00bb][et_pb_text _builder_version=\u00bb4.23.1&#8243; _module_preset=\u00bbdefault\u00bb text_font=\u00bb|600|||||||\u00bb text_font_size=\u00bb18px\u00bb text_orientation=\u00bbcenter\u00bb module_alignment=\u00bbcenter\u00bb global_colors_info=\u00bb{}\u00bb]<p>Para obtener m\u00e1s informaci\u00f3n, resolver tus dudas o solicitar un presupuesto, cont\u00e1ctanos.<\/p>[\/et_pb_text][et_pb_button button_url=\u00bbhttps:\/\/wa.me\/59899436436&#8243; button_text=\u00bbConsultar\u00bb button_alignment=\u00bbcenter\u00bb _builder_version=\u00bb4.23.1&#8243; _module_preset=\u00bbdefault\u00bb custom_button=\u00bbon\u00bb button_text_size=\u00bb16px\u00bb button_text_color=\u00bbgcid-8ad55c90-ed5f-4619-9a29-60b117cf67f4&#8243; button_bg_color=\u00bbgcid-b3befddf-8a79-4478-8833-197ebbf3dc72&#8243; button_border_color=\u00bbgcid-b3befddf-8a79-4478-8833-197ebbf3dc72&#8243; button_border_radius=\u00bb5px\u00bb button_font=\u00bb|||on|||||\u00bb global_colors_info=\u00bb{%22gcid-8ad55c90-ed5f-4619-9a29-60b117cf67f4%22:%91%22button_text_color%22%93,%22gcid-b3befddf-8a79-4478-8833-197ebbf3dc72%22:%91%22button_bg_color%22,%22button_border_color%22%93}\u00bb][\/et_pb_button][\/et_pb_column][\/et_pb_row][\/et_pb_section]\n","protected":false},"excerpt":{"rendered":"<p>Ofrecemos preparaci\u00f3n para el examen de ingreso a la carrera de Traductorado en la Universidad de la Rep\u00fablica y la Universidad de Montevideo. Ya sea que busques convertirte en un Traductor P\u00fablico o necesites traducciones oficiales, estamos aqu\u00ed para ayudarte.Preparaci\u00f3n Examen de Ingreso UDELAR y UMOrientamos tu camino hacia la carrera de Traductorado, ofreciendo apoyo [&hellip;]<\/p>\n","protected":false},"author":1,"featured_media":0,"parent":0,"menu_order":0,"comment_status":"closed","ping_status":"closed","template":"","meta":{"_et_pb_use_builder":"on","_et_pb_old_content":"<!-- wp:divi\/placeholder \/-->","_et_gb_content_width":"","footnotes":""},"class_list":["post-5304","page","type-page","status-publish","hentry"],"_links":{"self":[{"href":"https:\/\/masters.com.uy\/en\/wp-json\/wp\/v2\/pages\/5304","targetHints":{"allow":["GET"]}}],"collection":[{"href":"https:\/\/masters.com.uy\/en\/wp-json\/wp\/v2\/pages"}],"about":[{"href":"https:\/\/masters.com.uy\/en\/wp-json\/wp\/v2\/types\/page"}],"author":[{"embeddable":true,"href":"https:\/\/masters.com.uy\/en\/wp-json\/wp\/v2\/users\/1"}],"replies":[{"embeddable":true,"href":"https:\/\/masters.com.uy\/en\/wp-json\/wp\/v2\/comments?post=5304"}],"version-history":[{"count":0,"href":"https:\/\/masters.com.uy\/en\/wp-json\/wp\/v2\/pages\/5304\/revisions"}],"wp:attachment":[{"href":"https:\/\/masters.com.uy\/en\/wp-json\/wp\/v2\/media?parent=5304"}],"curies":[{"name":"wp","href":"https:\/\/api.w.org\/{rel}","templated":true}]}}